{"id":895,"date":"2021-10-22T17:31:00","date_gmt":"2021-10-22T15:31:00","guid":{"rendered":"https:\/\/moebel-irold.de\/?page_id=895"},"modified":"2021-10-22T19:35:53","modified_gmt":"2021-10-22T17:35:53","slug":"datenschutz","status":"publish","type":"page","link":"https:\/\/moebel-irold.de\/en\/datenschutz\/","title":{"rendered":"Datenschutz"},"content":{"rendered":"<h1>Datenschutzerkl\u00e4rung<\/h1>\n<p>Verantwortlicher im Sinne der Datenschutzgesetze, insbesondere der EU-Datenschutzgrundverordnung (DSGVO), ist:<\/p>\n<p>M\u00d6BEL IROLD<br \/>\nIrold Janke<br \/>\nScheunenweg 6<br \/>\nD-16244 Schluft \/ Schorfheide<\/p>\n<p>+49 173 618 60 30<br \/>\nmail@moebel-irold.de<\/p>\n<h2>Ihre Betroffenenrechte<\/h2>\n<p>Unter den angegebenen Kontaktdaten unseres Datenschutzbeauftragten k\u00f6nnen Sie jederzeit folgende Rechte aus\u00fcben:<\/p>\n<ul>\n<li>Auskunft \u00fcber Ihre bei uns gespeicherten Daten und deren Verarbeitung (Art. 15 DSGVO),<\/li>\n<li>Berichtigung unrichtiger personenbezogener Daten (Art. 16 DSGVO),<\/li>\n<li>L\u00f6schung Ihrer bei uns gespeicherten Daten (Art. 17 DSGVO),<\/li>\n<li>Einschr\u00e4nkung der Datenverarbeitung, sofern wir Ihre Daten aufgrund gesetzlicher Pflichten noch nicht l\u00f6schen d\u00fcrfen (Art. 18 DSGVO),<\/li>\n<li>Widerspruch gegen die Verarbeitung Ihrer Daten bei uns (Art. 21 DSGVO) und<\/li>\n<li>Daten\u00fcbertragbarkeit, sofern Sie in die Datenverarbeitung eingewilligt haben oder einen Vertrag mit uns abgeschlossen haben (Art. 20 DSGVO).<\/li>\n<\/ul>\n<p>Sofern Sie uns eine Einwilligung erteilt haben, k\u00f6nnen Sie diese jederzeit mit Wirkung f\u00fcr die Zukunft widerrufen.<\/p>\n<p>Sie k\u00f6nnen sich jederzeit mit einer Beschwerde an eine Aufsichtsbeh\u00f6rde wenden, z. B. an die zust\u00e4ndige Aufsichtsbeh\u00f6rde des Bundeslands Ihres Wohnsitzes oder an die f\u00fcr uns als verantwortliche Stelle zust\u00e4ndige Beh\u00f6rde.<\/p>\n<p>Eine Liste der Aufsichtsbeh\u00f6rden (f\u00fcr den nicht\u00f6ffentlichen Bereich) mit Anschrift finden Sie unter: <a href=\"https:\/\/www.bfdi.bund.de\/DE\/Service\/Anschriften\/Laender\/Laender-node.html\" target=\"_blank\" rel=\"noopener nofollow\">https:\/\/www.bfdi.bund.de\/DE\/Service\/Anschriften\/Laender\/Laender-node.html<\/a>.<\/p>\n<\/p>\n<h2>Erfassung allgemeiner Informationen beim Besuch unserer Website<\/h2>\n<h3>Art und Zweck der Verarbeitung:<\/h3>\n<p>Wenn Sie auf unsere Website zugreifen, d.h., wenn Sie sich nicht registrieren oder anderweitig Informationen \u00fcbermitteln, werden automatisch Informationen allgemeiner Natur erfasst. Diese Informationen (Server-Logfiles) beinhalten etwa die Art des Webbrowsers, das verwendete Betriebssystem, den Domainnamen Ihres Internet-Service-Providers, Ihre IP-Adresse und \u00e4hnliches. <\/p>\n<p>Sie werden insbesondere zu folgenden Zwecken verarbeitet:<\/p>\n<ul>\n<li>Sicherstellung eines problemlosen Verbindungsaufbaus der Website,<\/li>\n<li>Sicherstellung einer reibungslosen Nutzung unserer Website,<\/li>\n<li>Auswertung der Systemsicherheit und -stabilit\u00e4t sowie<\/li>\n<li>zur Optimierung unserer Website.<\/li>\n<\/ul>\n<p>Wir verwenden Ihre Daten nicht, um R\u00fcckschl\u00fcsse auf Ihre Person zu ziehen. Informationen dieser Art werden von uns ggfs. anonymisiert statistisch ausgewertet, um unseren Internetauftritt und die dahinterstehende Technik zu optimieren. <\/p>\n<h3>Rechtsgrundlage und berechtigtes Interesse:<\/h3>\n<p>Die Verarbeitung erfolgt gem\u00e4\u00df Art. 6 Abs. 1 lit. f DSGVO auf Basis unseres berechtigten Interesses an der Verbesserung der Stabilit\u00e4t und Funktionalit\u00e4t unserer Website.<\/p>\n<h3>Empf\u00e4nger:<\/h3>\n<p>Empf\u00e4nger der Daten sind ggf. technische Dienstleister, die f\u00fcr den Betrieb und die Wartung unserer Webseite als Auftragsverarbeiter t\u00e4tig werden.<\/p>\n<\/p>\n<h3>Speicherdauer:<\/h3>\n<p>Die Daten werden gel\u00f6scht, sobald diese f\u00fcr den Zweck der Erhebung nicht mehr erforderlich sind. Dies ist f\u00fcr die Daten, die der Bereitstellung der Website dienen, grunds\u00e4tzlich der Fall, wenn die jeweilige Sitzung beendet ist. <\/p>\n<\/p>\n<h3>Bereitstellung vorgeschrieben oder erforderlich:<\/h3>\n<p>Die Bereitstellung der vorgenannten personenbezogenen Daten ist weder gesetzlich noch vertraglich vorgeschrieben. Ohne die IP-Adresse ist jedoch der Dienst und die Funktionsf\u00e4higkeit unserer Website nicht gew\u00e4hrleistet. Zudem k\u00f6nnen einzelne Dienste und Services nicht verf\u00fcgbar oder eingeschr\u00e4nkt sein. Aus diesem Grund ist ein Widerspruch ausgeschlossen. <\/p>\n<\/p>\n<h2>Kontaktformular<\/h2>\n<h3>Art und Zweck der Verarbeitung:<\/h3>\n<p>Die von Ihnen eingegebenen Daten werden zum Zweck der individuellen Kommunikation mit Ihnen gespeichert. Hierf\u00fcr ist die Angabe einer validen E-Mail-Adresse sowie Ihres Namens erforderlich. Diese dient der Zuordnung der Anfrage und der anschlie\u00dfenden Beantwortung derselben. Die Angabe weiterer Daten ist optional.<\/p>\n<h3>Rechtsgrundlage:<\/h3>\n<p>Die Verarbeitung der in das Kontaktformular eingegebenen Daten erfolgt auf der Grundlage eines berechtigten Interesses (Art. 6 Abs. 1 lit. f DSGVO).<\/p>\n<p>Durch Bereitstellung des Kontaktformulars m\u00f6chten wir Ihnen eine unkomplizierte Kontaktaufnahme erm\u00f6glichen. Ihre gemachten Angaben werden zum Zwecke der Bearbeitung der Anfrage sowie f\u00fcr m\u00f6gliche Anschlussfragen gespeichert.<\/p>\n<p>Sofern Sie mit uns Kontakt aufnehmen, um ein Angebot zu erfragen, erfolgt die Verarbeitung der in das Kontaktformular eingegebenen Daten zur Durchf\u00fchrung vorvertraglicher Ma\u00dfnahmen (Art. 6 Abs. 1 lit. b DSGVO).<\/p>\n<h3>Empf\u00e4nger:<\/h3>\n<p>Empf\u00e4nger der Daten sind ggf. Auftragsverarbeiter.<\/p>\n<\/p>\n<h3>Speicherdauer:<\/h3>\n<p>Daten werden sp\u00e4testens 6 Monate nach Bearbeitung der Anfrage gel\u00f6scht.<\/p>\n<p>Sofern es zu einem Vertragsverh\u00e4ltnis kommt, unterliegen wir den gesetzlichen Aufbewahrungsfristen nach HGB und l\u00f6schen Ihre Daten nach Ablauf dieser Fristen. <\/p>\n<h3>Bereitstellung vorgeschrieben oder erforderlich:<\/h3>\n<p>Die Bereitstellung Ihrer personenbezogenen Daten erfolgt freiwillig. Wir k\u00f6nnen Ihre Anfrage jedoch nur bearbeiten, sofern Sie uns Ihren Namen, Ihre E-Mail-Adresse und den Grund der Anfrage mitteilen.<\/p>\n<\/p>\n<h2>Verwendung von Matomo<\/h2>\n<p>Auf dieser Website wird Matomo (vormals Piwik) eingesetzt, eine Open-Source-Software zur statistischen Auswertung von Besucherzugriffen. Anbieter der Software Matomo ist die InnoCraft Ltd., 150 Willis St, 6011 Wellington, Neuseeland. <\/p>\n<p>Matomo setzt keinen Cookie auf Ihrem Endger\u00e4t. Werden Unterseiten unserer Website aufgerufen, werden folgende Informationen gespeichert:<\/p>\n<ul>\n<li>die IP-Adresse des Nutzers, gek\u00fcrzt um die letzten zwei Bytes (anonymisiert)<\/li>\n<li>die aufgerufene Unterseite und Zeitpunkt des Aufrufs<\/li>\n<li>die Seite, von der der Nutzer auf unsere Webseite gelangt ist (Referrer)<\/li>\n<li>welcher Browser mit welchen Plugins, welches Betriebssystem und welche Bildschirmaufl\u00f6sung genutzt wird<\/li>\n<li>die Verweildauer auf der Website<\/li>\n<li>die Seiten, die von der aufgerufenen Unterseite aus angesteuert werden<\/li>\n<\/ul>\n<p>Die Verwendung von Matomo erfolgt zu dem Zweck, die Qualit\u00e4t unserer Website und ihre Inhalte zu verbessern. Dadurch erfahren wir, wie die Website genutzt wird und k\u00f6nnen so unser Angebot stetig optimieren. <\/p>\n<p>Durch die Anonymisierung der IP-Adresse um sechs Stellen tragen wir dem Interesse des Webseitenbesuchers am Schutz personenbezogener Daten Rechnung. Die Daten werden nicht dazu genutzt, den Nutzer der Website pers\u00f6nlich zu identifizieren und werden nicht mit anderen Daten zusammengef\u00fchrt. Die durch das Cookie erzeugten Informationen \u00fcber Ihre Benutzung dieser Webseite werden nicht an Dritte weitergegeben.<\/p>\n<\/p>\n<h3>Widerruf der Einwilligung:<\/h3>\n<p>Sie k\u00f6nnen Ihre Einwilligung zur Speicherung und Auswertung Ihrer Daten durch Matomo jederzeit \u00fcber den unten aufgef\u00fchrten Link widerrufen. Es wird dann ein sogenanntes Opt-Out-Cookie auf Ihrem Ger\u00e4t gespeichert, das zwei Jahre G\u00fcltigkeit hat. Es hat zur Folge, dass Matomo keinerlei Sitzungsdaten erhebt. Beachten Sie allerdings, dass das Opt-Out-Cookie gel\u00f6scht wird, wenn Sie alle Cookies l\u00f6schen.<\/p>\n<p>[matomo_opt_out language=de]<\/p>\n<p>N\u00e4here Informationen zu den Privatsph\u00e4re-Einstellungen der Matomo Software finden Sie unter folgendem Link: <a href=\"https:\/\/matomo.org\/docs\/privacy\/\" target=\"_blank\" rel=\"nofollow noopener\">https:\/\/matomo.org\/docs\/privacy\/<\/a>.<\/p>\n<p>Sie k\u00f6nnen die Verwendung von Cookies auch durch eine entsprechende Einstellung Ihrer Browser Software verhindern; wir weisen Sie jedoch darauf hin, dass Sie in diesem Fall gegebenenfalls nicht s\u00e4mtliche Funktionen dieser Website vollumf\u00e4nglich werden nutzen k\u00f6nnen.<\/p>\n<\/p>\n<h2>SSL-Verschl\u00fcsselung<\/h2>\n<p>Um die Sicherheit Ihrer Daten bei der \u00dcbertragung zu sch\u00fctzen, verwenden wir dem aktuellen Stand der Technik entsprechende Verschl\u00fcsselungsverfahren (z. B. SSL) \u00fcber HTTPS.<\/p>\n<\/p>\n<hr>\n<h2>Information \u00fcber Ihr Widerspruchsrecht nach Art. 21 DSGVO<\/h2>\n<h3>Einzelfallbezogenes Widerspruchsrecht<\/h3>\n<p>Sie haben das Recht, aus Gr\u00fcnden, die sich aus Ihrer besonderen Situation ergeben, jederzeit gegen die Verarbeitung Sie betreffender personenbezogener Daten, die aufgrund Art. 6 Abs. 1 lit. f DSGVO (Datenverarbeitung auf der Grundlage einer Interessenabw\u00e4gung) erfolgt, Widerspruch einzulegen; dies gilt auch f\u00fcr ein auf diese Bestimmung gest\u00fctztes Profiling im Sinne von Art. 4 Nr. 4 DSGVO.<\/p>\n<p>Legen Sie Widerspruch ein, werden wir Ihre personenbezogenen Daten nicht mehr verarbeiten, es sei denn, wir k\u00f6nnen zwingende schutzw\u00fcrdige Gr\u00fcnde f\u00fcr die Verarbeitung nachweisen, die Ihre Interessen, Rechte und Freiheiten \u00fcberwiegen, oder die Verarbeitung dient der Geltendmachung, Aus\u00fcbung oder Verteidigung von Rechtsanspr\u00fcchen.<\/p>\n<h3>Empf\u00e4nger eines Widerspruchs<\/h3>\n<p>M\u00d6BEL IROLD<br \/>\n<br \/>Irold Janke<br \/>\n<br \/>Scheunenweg 6<br \/>\n<br \/>D-16244 Schluft \/ Schorfheide<\/p>\n<p>+49 173 618 60 30<br \/>\n<br \/>mail@moebel-irold.de<\/p>\n<hr>\n<h2>\u00c4nderung unserer Datenschutzbestimmungen<\/h2>\n<p>Wir behalten uns vor, diese Datenschutzerkl\u00e4rung anzupassen, damit sie stets den aktuellen rechtlichen Anforderungen entspricht oder um \u00c4nderungen unserer Leistungen in der Datenschutzerkl\u00e4rung umzusetzen, z.B. bei der Einf\u00fchrung neuer Services. F\u00fcr Ihren erneuten Besuch gilt dann die neue Datenschutzerkl\u00e4rung.<\/p>\n<h2>Fragen an den Datenschutzbeauftragten<\/h2>\n<p>Wenn Sie Fragen zum Datenschutz haben, schreiben Sie uns bitte eine E-Mail oder wenden Sie sich direkt an die f\u00fcr den Datenschutz verantwortliche Person in unserer Organisation:<\/p>\n<p>M\u00d6BEL IROLD<br \/>\n<br \/>Irold Janke<br \/>\n<br \/>Scheunenweg 6<br \/>\n<br \/>D-16244 Schluft \/ Schorfheide<\/p>\n<p>+49 173 618 60 30<br \/>\n<br \/>mail@moebel-irold.de<\/p>\n<p><em>Die Datenschutzerkl\u00e4rung wurde mithilfe der activeMind AG erstellt, den Experten f\u00fcr <a href=\"https:\/\/www.activemind.de\/datenschutz\/datenschutzbeauftragter\/\" target=\"_blank\" rel=\"noopener\">externe Datenschutzbeauftragte<\/a> (Version #2020-09-30).<\/em><\/p>\n","protected":false},"excerpt":{"rendered":"<p>Datenschutzerkl\u00e4rung Verantwortlicher im Sinne der Datenschutzgesetze, insbesondere der EU-Datenschutzgrundverordnung (DSGVO), ist: M\u00d6BEL IROLD Irold Janke Scheunenweg 6 D-16244 Schluft \/ Schorfheide +49 173 618 60 30 mail@moebel-irold.de Ihre Betroffenenrechte Unter den angegebenen Kontaktdaten unseres Datenschutzbeauftragten k\u00f6nnen Sie jederzeit folgende Rechte aus\u00fcben: Auskunft \u00fcber Ihre bei&#8230;<\/p>\n","protected":false},"author":123457,"featured_media":0,"parent":0,"menu_order":0,"comment_status":"closed","ping_status":"closed","template":"","meta":{"footnotes":""},"class_list":["post-895","page","type-page","status-publish","hentry"],"yoast_head":"<!-- This site is optimized with the Yoast SEO Premium plugin v17.4 (Yoast SEO v27.4) - https:\/\/yoast.com\/product\/yoast-seo-premium-wordpress\/ -->\n<title>Datenschutz &#187; M\u00d6BEL IROLD<\/title>\n<meta name=\"robots\" content=\"index, follow, max-snippet:-1, max-image-preview:large, max-video-preview:-1\" \/>\n<link rel=\"canonical\" href=\"https:\/\/moebel-irold.de\/en\/datenschutz\/\" \/>\n<meta property=\"og:locale\" content=\"en_US\" \/>\n<meta property=\"og:type\" content=\"article\" \/>\n<meta property=\"og:title\" content=\"Datenschutz\" \/>\n<meta property=\"og:description\" content=\"Datenschutzerkl\u00e4rung Verantwortlicher im Sinne der Datenschutzgesetze, insbesondere der EU-Datenschutzgrundverordnung (DSGVO), ist: M\u00d6BEL IROLD Irold Janke Scheunenweg 6 D-16244 Schluft \/ Schorfheide +49 173 618 60 30 mail@moebel-irold.de Ihre Betroffenenrechte Unter den angegebenen Kontaktdaten unseres Datenschutzbeauftragten k\u00f6nnen Sie jederzeit folgende Rechte aus\u00fcben: Auskunft \u00fcber Ihre bei...\" \/>\n<meta property=\"og:url\" content=\"https:\/\/moebel-irold.de\/en\/datenschutz\/\" \/>\n<meta property=\"og:site_name\" content=\"M\u00d6BEL IROLD\" \/>\n<meta property=\"article:modified_time\" content=\"2021-10-22T17:35:53+00:00\" \/>\n<meta property=\"og:image\" content=\"https:\/\/moebel-irold.de\/wp-content\/uploads\/2015\/05\/bar-sant-jean-berlin.jpg\" \/>\n\t<meta property=\"og:image:width\" content=\"1200\" \/>\n\t<meta property=\"og:image:height\" content=\"1603\" \/>\n\t<meta property=\"og:image:type\" content=\"image\/jpeg\" \/>\n<meta name=\"twitter:card\" content=\"summary_large_image\" \/>\n<meta name=\"twitter:label1\" content=\"Est. reading time\" \/>\n\t<meta name=\"twitter:data1\" content=\"6 minutes\" \/>\n<script type=\"application\/ld+json\" class=\"yoast-schema-graph\">{\"@context\":\"https:\\\/\\\/schema.org\",\"@graph\":[{\"@type\":\"WebPage\",\"@id\":\"https:\\\/\\\/moebel-irold.de\\\/en\\\/datenschutz\\\/\",\"url\":\"https:\\\/\\\/moebel-irold.de\\\/en\\\/datenschutz\\\/\",\"name\":\"Datenschutz &#187; M\u00d6BEL IROLD\",\"isPartOf\":{\"@id\":\"https:\\\/\\\/moebel-irold.de\\\/en\\\/#website\"},\"datePublished\":\"2021-10-22T15:31:00+00:00\",\"dateModified\":\"2021-10-22T17:35:53+00:00\",\"breadcrumb\":{\"@id\":\"https:\\\/\\\/moebel-irold.de\\\/en\\\/datenschutz\\\/#breadcrumb\"},\"inLanguage\":\"en-US\",\"potentialAction\":[{\"@type\":\"ReadAction\",\"target\":[\"https:\\\/\\\/moebel-irold.de\\\/en\\\/datenschutz\\\/\"]}]},{\"@type\":\"BreadcrumbList\",\"@id\":\"https:\\\/\\\/moebel-irold.de\\\/en\\\/datenschutz\\\/#breadcrumb\",\"itemListElement\":[{\"@type\":\"ListItem\",\"position\":1,\"name\":\"Home\",\"item\":\"https:\\\/\\\/moebel-irold.de\\\/en\\\/\"},{\"@type\":\"ListItem\",\"position\":2,\"name\":\"Datenschutz\"}]},{\"@type\":\"WebSite\",\"@id\":\"https:\\\/\\\/moebel-irold.de\\\/en\\\/#website\",\"url\":\"https:\\\/\\\/moebel-irold.de\\\/en\\\/\",\"name\":\"M\u00d6BEL IROLD\",\"description\":\"According to your design specifications or in mutual development,  individual pieces or in small series,  We will gladly produce for you: dreams, made of wood.\",\"publisher\":{\"@id\":\"https:\\\/\\\/moebel-irold.de\\\/en\\\/#organization\"},\"potentialAction\":[{\"@type\":\"SearchAction\",\"target\":{\"@type\":\"EntryPoint\",\"urlTemplate\":\"https:\\\/\\\/moebel-irold.de\\\/en\\\/?s={search_term_string}\"},\"query-input\":{\"@type\":\"PropertyValueSpecification\",\"valueRequired\":true,\"valueName\":\"search_term_string\"}}],\"inLanguage\":\"en-US\"},{\"@type\":\"Organization\",\"@id\":\"https:\\\/\\\/moebel-irold.de\\\/en\\\/#organization\",\"name\":\"M\u00d6BEL IROLD\",\"url\":\"https:\\\/\\\/moebel-irold.de\\\/en\\\/\",\"logo\":{\"@type\":\"ImageObject\",\"inLanguage\":\"en-US\",\"@id\":\"https:\\\/\\\/moebel-irold.de\\\/en\\\/#\\\/schema\\\/logo\\\/image\\\/\",\"url\":\"https:\\\/\\\/moebel-irold.de\\\/wp-content\\\/uploads\\\/2021\\\/10\\\/moebel-irold.de_.png\",\"contentUrl\":\"https:\\\/\\\/moebel-irold.de\\\/wp-content\\\/uploads\\\/2021\\\/10\\\/moebel-irold.de_.png\",\"width\":256,\"height\":256,\"caption\":\"M\u00d6BEL IROLD\"},\"image\":{\"@id\":\"https:\\\/\\\/moebel-irold.de\\\/en\\\/#\\\/schema\\\/logo\\\/image\\\/\"}}]}<\/script>\n<!-- \/ Yoast SEO Premium plugin. -->","yoast_head_json":{"title":"Datenschutz &#187; M\u00d6BEL IROLD","robots":{"index":"index","follow":"follow","max-snippet":"max-snippet:-1","max-image-preview":"max-image-preview:large","max-video-preview":"max-video-preview:-1"},"canonical":"https:\/\/moebel-irold.de\/en\/datenschutz\/","og_locale":"en_US","og_type":"article","og_title":"Datenschutz","og_description":"Datenschutzerkl\u00e4rung Verantwortlicher im Sinne der Datenschutzgesetze, insbesondere der EU-Datenschutzgrundverordnung (DSGVO), ist: M\u00d6BEL IROLD Irold Janke Scheunenweg 6 D-16244 Schluft \/ Schorfheide +49 173 618 60 30 mail@moebel-irold.de Ihre Betroffenenrechte Unter den angegebenen Kontaktdaten unseres Datenschutzbeauftragten k\u00f6nnen Sie jederzeit folgende Rechte aus\u00fcben: Auskunft \u00fcber Ihre bei...","og_url":"https:\/\/moebel-irold.de\/en\/datenschutz\/","og_site_name":"M\u00d6BEL IROLD","article_modified_time":"2021-10-22T17:35:53+00:00","og_image":[{"width":1200,"height":1603,"url":"https:\/\/moebel-irold.de\/wp-content\/uploads\/2015\/05\/bar-sant-jean-berlin.jpg","type":"image\/jpeg"}],"twitter_card":"summary_large_image","twitter_misc":{"Est. reading time":"6 minutes"},"schema":{"@context":"https:\/\/schema.org","@graph":[{"@type":"WebPage","@id":"https:\/\/moebel-irold.de\/en\/datenschutz\/","url":"https:\/\/moebel-irold.de\/en\/datenschutz\/","name":"Datenschutz &#187; M\u00d6BEL IROLD","isPartOf":{"@id":"https:\/\/moebel-irold.de\/en\/#website"},"datePublished":"2021-10-22T15:31:00+00:00","dateModified":"2021-10-22T17:35:53+00:00","breadcrumb":{"@id":"https:\/\/moebel-irold.de\/en\/datenschutz\/#breadcrumb"},"inLanguage":"en-US","potentialAction":[{"@type":"ReadAction","target":["https:\/\/moebel-irold.de\/en\/datenschutz\/"]}]},{"@type":"BreadcrumbList","@id":"https:\/\/moebel-irold.de\/en\/datenschutz\/#breadcrumb","itemListElement":[{"@type":"ListItem","position":1,"name":"Home","item":"https:\/\/moebel-irold.de\/en\/"},{"@type":"ListItem","position":2,"name":"Datenschutz"}]},{"@type":"WebSite","@id":"https:\/\/moebel-irold.de\/en\/#website","url":"https:\/\/moebel-irold.de\/en\/","name":"M\u00d6BEL IROLD","description":"According to your design specifications or in mutual development,  individual pieces or in small series,  We will gladly produce for you: dreams, made of wood.","publisher":{"@id":"https:\/\/moebel-irold.de\/en\/#organization"},"potentialAction":[{"@type":"SearchAction","target":{"@type":"EntryPoint","urlTemplate":"https:\/\/moebel-irold.de\/en\/?s={search_term_string}"},"query-input":{"@type":"PropertyValueSpecification","valueRequired":true,"valueName":"search_term_string"}}],"inLanguage":"en-US"},{"@type":"Organization","@id":"https:\/\/moebel-irold.de\/en\/#organization","name":"M\u00d6BEL IROLD","url":"https:\/\/moebel-irold.de\/en\/","logo":{"@type":"ImageObject","inLanguage":"en-US","@id":"https:\/\/moebel-irold.de\/en\/#\/schema\/logo\/image\/","url":"https:\/\/moebel-irold.de\/wp-content\/uploads\/2021\/10\/moebel-irold.de_.png","contentUrl":"https:\/\/moebel-irold.de\/wp-content\/uploads\/2021\/10\/moebel-irold.de_.png","width":256,"height":256,"caption":"M\u00d6BEL IROLD"},"image":{"@id":"https:\/\/moebel-irold.de\/en\/#\/schema\/logo\/image\/"}}]}},"_links":{"self":[{"href":"https:\/\/moebel-irold.de\/en\/wp-json\/wp\/v2\/pages\/895","targetHints":{"allow":["GET"]}}],"collection":[{"href":"https:\/\/moebel-irold.de\/en\/wp-json\/wp\/v2\/pages"}],"about":[{"href":"https:\/\/moebel-irold.de\/en\/wp-json\/wp\/v2\/types\/page"}],"author":[{"embeddable":true,"href":"https:\/\/moebel-irold.de\/en\/wp-json\/wp\/v2\/users\/123457"}],"replies":[{"embeddable":true,"href":"https:\/\/moebel-irold.de\/en\/wp-json\/wp\/v2\/comments?post=895"}],"version-history":[{"count":3,"href":"https:\/\/moebel-irold.de\/en\/wp-json\/wp\/v2\/pages\/895\/revisions"}],"predecessor-version":[{"id":929,"href":"https:\/\/moebel-irold.de\/en\/wp-json\/wp\/v2\/pages\/895\/revisions\/929"}],"wp:attachment":[{"href":"https:\/\/moebel-irold.de\/en\/wp-json\/wp\/v2\/media?parent=895"}],"curies":[{"name":"wp","href":"https:\/\/api.w.org\/{rel}","templated":true}]}}