{"id":6,"date":"2015-04-12T17:54:40","date_gmt":"2015-04-12T15:54:40","guid":{"rendered":"http:\/\/www.moebel-irold.de\/?page_id=6"},"modified":"2021-10-28T12:47:38","modified_gmt":"2021-10-28T10:47:38","slug":"home","status":"publish","type":"page","link":"https:\/\/moebel-irold.de\/en\/","title":{"rendered":"M\u00d6BEL IROLD"},"content":{"rendered":"<p>[vc_row][vc_column width=&#8221;1\/1&#8243;][vc_column_text]<script>\r\n    jQuery(document).ready(function() {\r\n        var opt = {};\r\nopt['source'] = 'category:1';opt['contentoption'] = 'fi';opt['contentlink'] = '';opt['contenttitle'] = '';opt['contentexcerptrm'] = '';opt['contenttemplate'] = '';opt['superids'] = '';opt['visible'] = '';opt['itemWidth'] = '';opt['itemHeight'] = 500;opt['mobileVisible'] = 1;opt['mobileWidth'] = 480;opt['tabletVisible'] = 2;opt['tabletWidth'] = 768;opt['direction'] = 'left';opt['effect'] = 'slide';opt['easing'] = 'linear';opt['easingTime'] = 1000;opt['step'] = 1;opt['auto'] = 1;opt['pauseTime'] = '';opt['pauseOver'] = '';opt['autoHeight'] = '';opt['slideGap'] = 0;opt['nextPrev'] = 1;opt['paging'] = '';opt['circular'] = '';opt['mouseWheel'] = '';opt['swipe'] = '';opt['keys'] = '';opt['superrandom'] = '';opt['smallbut'] = '';opt['navpadding'] = '';opt['navstyle'] = '';opt['customclass'] = '';opt['autoscroll'] = 1;opt['scrollspeed'] = 0.75;opt['superhidden'] = '';opt['next'] = '#next516073';opt['prev'] = '#prev516073';opt['type'] = 'image';        opt.onload = function($$) {\r\n            var tot = $$.find('>div').length \/ 3;\r\n            $$.find('>div:lt(' + (tot) + ') a[rel^=\"prettyPhoto[grp1]\"]').attr('rel', 'prettyPhoto[x]');\r\n            $$.find('>div:gt(' + ((tot * 2) - 1) + ') a[rel^=\"prettyPhoto[grp1]\"]').attr('rel', 'prettyPhoto[y]');\r\n            jQuery(\"a[rel^='prettyPhoto']\").prettyPhoto({\r\n                animation_speed: 'fast',\r\n                slideshow: 5000,\r\n                hideflash: true,\r\n                autoplay: false,\r\n                gallery_markup: '',\r\n                social_tools: ''\r\n            });\r\n        }\r\n        if (jQuery(\"#supercarousel516073\").find(\">div\").length == 0) {\r\n            jQuery(\"#supercrsl516073\").hide();\r\n            return;\r\n        }\r\n        jQuery().framerate();\r\n        jQuery(\"#supercarousel516073\").supercarousel(opt);\r\n    });\r\n<\/script>\r\n<div id=\"supercrsl516073\" class=\"supercrsl\">\r\n    <div class=\"supercarousel\" id=\"supercarousel516073\">\r\n                    <div>\r\n                <img decoding=\"async\" alt=\"\" class=\"imgslide\" src=\"https:\/\/moebel-irold.de\/wp-content\/uploads\/2015\/04\/irold_white.png\" \/>            <\/div>\r\n                        <div>\r\n                <img decoding=\"async\" alt=\"\" class=\"imgslide\" src=\"https:\/\/moebel-irold.de\/wp-content\/uploads\/2015\/05\/abriss_carousel1.jpg\" \/>            <\/div>\r\n                        <div>\r\n                <img decoding=\"async\" alt=\"\" class=\"imgslide\" src=\"https:\/\/moebel-irold.de\/wp-content\/uploads\/2015\/05\/holz1_carousel1.jpg\" \/>            <\/div>\r\n                        <div>\r\n                <img decoding=\"async\" alt=\"\" class=\"imgslide\" src=\"https:\/\/moebel-irold.de\/wp-content\/uploads\/2015\/05\/saege_carousel1.jpg\" \/>            <\/div>\r\n                        <div>\r\n                <img decoding=\"async\" alt=\"\" class=\"imgslide\" src=\"https:\/\/moebel-irold.de\/wp-content\/uploads\/2015\/05\/holz_carousel1.jpg\" \/>            <\/div>\r\n                        <div>\r\n                <img decoding=\"async\" alt=\"\" class=\"imgslide\" src=\"https:\/\/moebel-irold.de\/wp-content\/uploads\/2015\/05\/image_carousel-2.jpg\" \/>            <\/div>\r\n                        <div>\r\n                <img decoding=\"async\" alt=\"\" class=\"imgslide\" src=\"https:\/\/moebel-irold.de\/wp-content\/uploads\/2015\/05\/carusel-1.jpg\" \/>            <\/div>\r\n                        <div>\r\n                <img decoding=\"async\" alt=\"\" class=\"imgslide\" src=\"https:\/\/moebel-irold.de\/wp-content\/uploads\/2015\/04\/irold_white.png\" \/>            <\/div>\r\n                <\/div><div class=\"clear\"><\/div>\r\n            <a class=\"prev superprev\" id=\"prev516073\" href=\"#\"><span>prev<\/span><\/a>\r\n        <a class=\"next supernext\" id=\"next516073\" href=\"#\"><span>next<\/span><\/a>\r\n            <div class=\"pagination\" id=\"pag516073\"><\/div>\r\n<\/div>[\/vc_column_text][\/vc_column][\/vc_row][vc_row row_type=&#8221;row&#8221; use_row_as_full_screen_section=&#8221;no&#8221; type=&#8221;grid&#8221; text_align=&#8221;left&#8221; background_image_as_pattern=&#8221;without_pattern&#8221;][vc_column width=&#8221;1\/1&#8243;][vc_column_text][\/vc_column_text][vc_column_text css=&#8221;.vc_custom_1437466967787{margin-top: 70px !important;}&#8221;]<\/p>\n<h3 style=\"text-align: center;\"><\/h3>\n<p style=\"text-align: center;\">According to your design specifications or in mutual development,<\/p>\n<p style=\"text-align: center;\">individual pieces or in small series,<\/p>\n<p style=\"text-align: center;\">We will gladly produce for you: dreams, made of wood.<\/p>\n<p>[\/vc_column_text][\/vc_column][\/vc_row]<\/p>\n","protected":false},"excerpt":{"rendered":"<p>[vc_row][vc_column width=&#8221;1\/1&#8243;][vc_column_text][\/vc_column_text][\/vc_column][\/vc_row][vc_row row_type=&#8221;row&#8221; use_row_as_full_screen_section=&#8221;no&#8221; type=&#8221;grid&#8221; text_align=&#8221;left&#8221; background_image_as_pattern=&#8221;without_pattern&#8221;][vc_column width=&#8221;1\/1&#8243;][vc_column_text][\/vc_column_text][vc_column_text css=&#8221;.vc_custom_1437466967787{margin-top: 70px !important;}&#8221;] According to your design specifications or in mutual development, individual pieces or in small series, We will gladly produce for you: dreams, made of wood. [\/vc_column_text][\/vc_column][\/vc_row]<\/p>\n","protected":false},"author":2,"featured_media":520,"parent":0,"menu_order":0,"comment_status":"open","ping_status":"closed","template":"full_width.php","meta":{"footnotes":""},"class_list":["post-6","page","type-page","status-publish","has-post-thumbnail","hentry"],"yoast_head":"<!-- This site is optimized with the Yoast SEO Premium plugin v17.4 (Yoast SEO v27.4) - https:\/\/yoast.com\/product\/yoast-seo-premium-wordpress\/ -->\n<title>M\u00d6BEL IROLD<\/title>\n<meta name=\"description\" content=\"Nach konkreten Designvorgaben oder in gemeinsamer Erarbeitung, Einzelst\u00fccke oder Kleinserien, Gerne produzieren wir f\u00fcr Sie Tr\u00e4ume aus Holz.\" \/>\n<meta name=\"robots\" content=\"index, follow, max-snippet:-1, max-image-preview:large, max-video-preview:-1\" \/>\n<link rel=\"canonical\" href=\"https:\/\/moebel-irold.de\/en\/\" \/>\n<meta property=\"og:locale\" content=\"en_US\" \/>\n<meta property=\"og:type\" content=\"article\" \/>\n<meta property=\"og:title\" content=\"M\u00d6BEL IROLD\" \/>\n<meta property=\"og:description\" content=\"Nach konkreten Designvorgaben oder in gemeinsamer Erarbeitung, Einzelst\u00fccke oder Kleinserien, Gerne produzieren wir f\u00fcr Sie Tr\u00e4ume aus Holz.\" \/>\n<meta property=\"og:url\" content=\"https:\/\/moebel-irold.de\/en\/\" \/>\n<meta property=\"og:site_name\" content=\"M\u00d6BEL IROLD\" \/>\n<meta property=\"article:modified_time\" content=\"2021-10-28T10:47:38+00:00\" \/>\n<meta property=\"og:image\" content=\"https:\/\/moebel-irold.de\/wp-content\/uploads\/2015\/05\/saege_carousel.jpg\" \/>\n\t<meta property=\"og:image:width\" content=\"1000\" \/>\n\t<meta property=\"og:image:height\" content=\"500\" \/>\n\t<meta property=\"og:image:type\" content=\"image\/jpeg\" \/>\n<meta name=\"twitter:card\" content=\"summary_large_image\" \/>\n<meta name=\"twitter:title\" content=\"M\u00d6BEL IROLD\" \/>\n<script type=\"application\/ld+json\" class=\"yoast-schema-graph\">{\"@context\":\"https:\\\/\\\/schema.org\",\"@graph\":[{\"@type\":\"WebPage\",\"@id\":\"https:\\\/\\\/moebel-irold.de\\\/en\\\/\",\"url\":\"https:\\\/\\\/moebel-irold.de\\\/en\\\/\",\"name\":\"M\u00d6BEL IROLD\",\"isPartOf\":{\"@id\":\"https:\\\/\\\/moebel-irold.de\\\/en\\\/#website\"},\"primaryImageOfPage\":{\"@id\":\"https:\\\/\\\/moebel-irold.de\\\/en\\\/#primaryimage\"},\"image\":{\"@id\":\"https:\\\/\\\/moebel-irold.de\\\/en\\\/#primaryimage\"},\"thumbnailUrl\":\"https:\\\/\\\/moebel-irold.de\\\/wp-content\\\/uploads\\\/2015\\\/05\\\/saege_carousel.jpg\",\"datePublished\":\"2015-04-12T15:54:40+00:00\",\"dateModified\":\"2021-10-28T10:47:38+00:00\",\"description\":\"Nach konkreten Designvorgaben oder in gemeinsamer Erarbeitung, Einzelst\u00fccke oder Kleinserien, Gerne produzieren wir f\u00fcr Sie Tr\u00e4ume aus Holz.\",\"breadcrumb\":{\"@id\":\"https:\\\/\\\/moebel-irold.de\\\/en\\\/#breadcrumb\"},\"inLanguage\":\"en-US\",\"potentialAction\":[{\"@type\":\"ReadAction\",\"target\":[\"https:\\\/\\\/moebel-irold.de\\\/en\\\/\"]}]},{\"@type\":\"ImageObject\",\"inLanguage\":\"en-US\",\"@id\":\"https:\\\/\\\/moebel-irold.de\\\/en\\\/#primaryimage\",\"url\":\"https:\\\/\\\/moebel-irold.de\\\/wp-content\\\/uploads\\\/2015\\\/05\\\/saege_carousel.jpg\",\"contentUrl\":\"https:\\\/\\\/moebel-irold.de\\\/wp-content\\\/uploads\\\/2015\\\/05\\\/saege_carousel.jpg\",\"width\":1000,\"height\":500},{\"@type\":\"BreadcrumbList\",\"@id\":\"https:\\\/\\\/moebel-irold.de\\\/en\\\/#breadcrumb\",\"itemListElement\":[{\"@type\":\"ListItem\",\"position\":1,\"name\":\"Home\",\"item\":\"https:\\\/\\\/moebel-irold.de\\\/en\\\/\"},{\"@type\":\"ListItem\",\"position\":2,\"name\":\"M\u00d6BEL IROLD\"}]},{\"@type\":\"WebSite\",\"@id\":\"https:\\\/\\\/moebel-irold.de\\\/en\\\/#website\",\"url\":\"https:\\\/\\\/moebel-irold.de\\\/en\\\/\",\"name\":\"M\u00d6BEL IROLD\",\"description\":\"According to your design specifications or in mutual development,  individual pieces or in small series,  We will gladly produce for you: dreams, made of wood.\",\"publisher\":{\"@id\":\"https:\\\/\\\/moebel-irold.de\\\/en\\\/#organization\"},\"potentialAction\":[{\"@type\":\"SearchAction\",\"target\":{\"@type\":\"EntryPoint\",\"urlTemplate\":\"https:\\\/\\\/moebel-irold.de\\\/en\\\/?s={search_term_string}\"},\"query-input\":{\"@type\":\"PropertyValueSpecification\",\"valueRequired\":true,\"valueName\":\"search_term_string\"}}],\"inLanguage\":\"en-US\"},{\"@type\":\"Organization\",\"@id\":\"https:\\\/\\\/moebel-irold.de\\\/en\\\/#organization\",\"name\":\"M\u00d6BEL IROLD\",\"url\":\"https:\\\/\\\/moebel-irold.de\\\/en\\\/\",\"logo\":{\"@type\":\"ImageObject\",\"inLanguage\":\"en-US\",\"@id\":\"https:\\\/\\\/moebel-irold.de\\\/en\\\/#\\\/schema\\\/logo\\\/image\\\/\",\"url\":\"https:\\\/\\\/moebel-irold.de\\\/wp-content\\\/uploads\\\/2021\\\/10\\\/moebel-irold.de_.png\",\"contentUrl\":\"https:\\\/\\\/moebel-irold.de\\\/wp-content\\\/uploads\\\/2021\\\/10\\\/moebel-irold.de_.png\",\"width\":256,\"height\":256,\"caption\":\"M\u00d6BEL IROLD\"},\"image\":{\"@id\":\"https:\\\/\\\/moebel-irold.de\\\/en\\\/#\\\/schema\\\/logo\\\/image\\\/\"}}]}<\/script>\n<!-- \/ Yoast SEO Premium plugin. -->","yoast_head_json":{"title":"M\u00d6BEL IROLD","description":"Nach konkreten Designvorgaben oder in gemeinsamer Erarbeitung, Einzelst\u00fccke oder Kleinserien, Gerne produzieren wir f\u00fcr Sie Tr\u00e4ume aus Holz.","robots":{"index":"index","follow":"follow","max-snippet":"max-snippet:-1","max-image-preview":"max-image-preview:large","max-video-preview":"max-video-preview:-1"},"canonical":"https:\/\/moebel-irold.de\/en\/","og_locale":"en_US","og_type":"article","og_title":"M\u00d6BEL IROLD","og_description":"Nach konkreten Designvorgaben oder in gemeinsamer Erarbeitung, Einzelst\u00fccke oder Kleinserien, Gerne produzieren wir f\u00fcr Sie Tr\u00e4ume aus Holz.","og_url":"https:\/\/moebel-irold.de\/en\/","og_site_name":"M\u00d6BEL IROLD","article_modified_time":"2021-10-28T10:47:38+00:00","og_image":[{"width":1000,"height":500,"url":"https:\/\/moebel-irold.de\/wp-content\/uploads\/2015\/05\/saege_carousel.jpg","type":"image\/jpeg"}],"twitter_card":"summary_large_image","twitter_title":"M\u00d6BEL IROLD","schema":{"@context":"https:\/\/schema.org","@graph":[{"@type":"WebPage","@id":"https:\/\/moebel-irold.de\/en\/","url":"https:\/\/moebel-irold.de\/en\/","name":"M\u00d6BEL IROLD","isPartOf":{"@id":"https:\/\/moebel-irold.de\/en\/#website"},"primaryImageOfPage":{"@id":"https:\/\/moebel-irold.de\/en\/#primaryimage"},"image":{"@id":"https:\/\/moebel-irold.de\/en\/#primaryimage"},"thumbnailUrl":"https:\/\/moebel-irold.de\/wp-content\/uploads\/2015\/05\/saege_carousel.jpg","datePublished":"2015-04-12T15:54:40+00:00","dateModified":"2021-10-28T10:47:38+00:00","description":"Nach konkreten Designvorgaben oder in gemeinsamer Erarbeitung, Einzelst\u00fccke oder Kleinserien, Gerne produzieren wir f\u00fcr Sie Tr\u00e4ume aus Holz.","breadcrumb":{"@id":"https:\/\/moebel-irold.de\/en\/#breadcrumb"},"inLanguage":"en-US","potentialAction":[{"@type":"ReadAction","target":["https:\/\/moebel-irold.de\/en\/"]}]},{"@type":"ImageObject","inLanguage":"en-US","@id":"https:\/\/moebel-irold.de\/en\/#primaryimage","url":"https:\/\/moebel-irold.de\/wp-content\/uploads\/2015\/05\/saege_carousel.jpg","contentUrl":"https:\/\/moebel-irold.de\/wp-content\/uploads\/2015\/05\/saege_carousel.jpg","width":1000,"height":500},{"@type":"BreadcrumbList","@id":"https:\/\/moebel-irold.de\/en\/#breadcrumb","itemListElement":[{"@type":"ListItem","position":1,"name":"Home","item":"https:\/\/moebel-irold.de\/en\/"},{"@type":"ListItem","position":2,"name":"M\u00d6BEL IROLD"}]},{"@type":"WebSite","@id":"https:\/\/moebel-irold.de\/en\/#website","url":"https:\/\/moebel-irold.de\/en\/","name":"M\u00d6BEL IROLD","description":"According to your design specifications or in mutual development,  individual pieces or in small series,  We will gladly produce for you: dreams, made of wood.","publisher":{"@id":"https:\/\/moebel-irold.de\/en\/#organization"},"potentialAction":[{"@type":"SearchAction","target":{"@type":"EntryPoint","urlTemplate":"https:\/\/moebel-irold.de\/en\/?s={search_term_string}"},"query-input":{"@type":"PropertyValueSpecification","valueRequired":true,"valueName":"search_term_string"}}],"inLanguage":"en-US"},{"@type":"Organization","@id":"https:\/\/moebel-irold.de\/en\/#organization","name":"M\u00d6BEL IROLD","url":"https:\/\/moebel-irold.de\/en\/","logo":{"@type":"ImageObject","inLanguage":"en-US","@id":"https:\/\/moebel-irold.de\/en\/#\/schema\/logo\/image\/","url":"https:\/\/moebel-irold.de\/wp-content\/uploads\/2021\/10\/moebel-irold.de_.png","contentUrl":"https:\/\/moebel-irold.de\/wp-content\/uploads\/2021\/10\/moebel-irold.de_.png","width":256,"height":256,"caption":"M\u00d6BEL IROLD"},"image":{"@id":"https:\/\/moebel-irold.de\/en\/#\/schema\/logo\/image\/"}}]}},"_links":{"self":[{"href":"https:\/\/moebel-irold.de\/en\/wp-json\/wp\/v2\/pages\/6","targetHints":{"allow":["GET"]}}],"collection":[{"href":"https:\/\/moebel-irold.de\/en\/wp-json\/wp\/v2\/pages"}],"about":[{"href":"https:\/\/moebel-irold.de\/en\/wp-json\/wp\/v2\/types\/page"}],"author":[{"embeddable":true,"href":"https:\/\/moebel-irold.de\/en\/wp-json\/wp\/v2\/users\/2"}],"replies":[{"embeddable":true,"href":"https:\/\/moebel-irold.de\/en\/wp-json\/wp\/v2\/comments?post=6"}],"version-history":[{"count":4,"href":"https:\/\/moebel-irold.de\/en\/wp-json\/wp\/v2\/pages\/6\/revisions"}],"predecessor-version":[{"id":972,"href":"https:\/\/moebel-irold.de\/en\/wp-json\/wp\/v2\/pages\/6\/revisions\/972"}],"wp:featuredmedia":[{"embeddable":true,"href":"https:\/\/moebel-irold.de\/en\/wp-json\/wp\/v2\/media\/520"}],"wp:attachment":[{"href":"https:\/\/moebel-irold.de\/en\/wp-json\/wp\/v2\/media?parent=6"}],"curies":[{"name":"wp","href":"https:\/\/api.w.org\/{rel}","templated":true}]}}