{"id":21,"date":"2015-04-12T18:06:46","date_gmt":"2015-04-12T16:06:46","guid":{"rendered":"http:\/\/www.moebel-irold.de\/?page_id=21"},"modified":"2021-11-01T19:55:44","modified_gmt":"2021-11-01T17:55:44","slug":"commitment","status":"publish","type":"page","link":"https:\/\/moebel-irold.de\/en\/commitment\/","title":{"rendered":"Commitment"},"content":{"rendered":"<p>[vc_row][vc_column width=&#8221;1\/1&#8243;][vc_column_text css=&#8221;.vc_custom_1433189403039{padding-bottom: 2% !important;}&#8221;]<img loading=\"lazy\" decoding=\"async\" class=\"alignnone wp-image-162 size-full\" src=\"\/wp-content\/uploads\/2015\/04\/uber.jpg\" alt=\"uber\" width=\"1978\" height=\"638\" srcset=\"https:\/\/moebel-irold.de\/wp-content\/uploads\/2015\/04\/uber.jpg 1978w, https:\/\/moebel-irold.de\/wp-content\/uploads\/2015\/04\/uber-300x97.jpg 300w, https:\/\/moebel-irold.de\/wp-content\/uploads\/2015\/04\/uber-1024x330.jpg 1024w, https:\/\/moebel-irold.de\/wp-content\/uploads\/2015\/04\/uber-700x226.jpg 700w\" sizes=\"auto, (max-width: 1978px) 100vw, 1978px\" \/>[\/vc_column_text][\/vc_column][\/vc_row][vc_row][vc_column width=&#8221;1\/2&#8243;][vc_column_text css=&#8221;.vc_custom_1433186995066{margin-top: 0px !important;margin-bottom: 0px !important;}&#8221;]<\/p>\n<p style=\"padding-bottom: 20px;\">M\u00f6bel Irold develops hand-made, valuable and unique pieces of furniture, which meet high demands with regard to quality, design and traditional german handicrafts.<br \/>\nThe result is high-quality furniture made of wood that tells a story from its previous life.<br \/>\nUpcycling means that wood from old floors, roof timbers and oak beams is reused and enhanced in a new, contemporary context.<br \/>\nWe are convinced that the design of a piece of furniture made with a careful choice of heirloom wood with its individually grown and matured structures is refined by high-quality workmanship,<\/p>\n<p>[\/vc_column_text][\/vc_column][vc_column width=&#8221;1\/2&#8243; css=&#8221;.vc_custom_1433187204730{margin-top: 0px !important;}&#8221;][vc_column_text]lending every room a sense of comfort.<br \/>\nJust like in days past, the wood we use grows more beautiful and valuable with every year.<br \/>\nParticularly in our fast-moving times, our era of concrete, steel, glass and plastic, wood gives a feeling of security and cosiness, forming a harmonious contrast to clear, cool surfaces.<br \/>\nWood has its very own natural aesthetic. Skilled workmanship brings its character to the forefront. It makes us feel at home, it is solid and long-lasting.[\/vc_column_text][\/vc_column][\/vc_row]<\/p>\n","protected":false},"excerpt":{"rendered":"<p>[vc_row][vc_column width=&#8221;1\/1&#8243;][vc_column_text css=&#8221;.vc_custom_1433189403039{padding-bottom: 2% !important;}&#8221;][\/vc_column_text][\/vc_column][\/vc_row][vc_row][vc_column width=&#8221;1\/2&#8243;][vc_column_text css=&#8221;.vc_custom_1433186995066{margin-top: 0px !important;margin-bottom: 0px !important;}&#8221;] M\u00f6bel Irold develops hand-made, valuable and unique pieces of furniture, which meet high demands with regard to quality, design and traditional german handicrafts. The result is high-quality furniture made of wood that tells a&#8230;<\/p>\n","protected":false},"author":2,"featured_media":0,"parent":0,"menu_order":0,"comment_status":"open","ping_status":"closed","template":"","meta":{"footnotes":""},"class_list":["post-21","page","type-page","status-publish","hentry"],"yoast_head":"<!-- This site is optimized with the Yoast SEO Premium plugin v17.4 (Yoast SEO v27.4) - https:\/\/yoast.com\/product\/yoast-seo-premium-wordpress\/ -->\n<title>Commitment &#187; M\u00d6BEL IROLD<\/title>\n<meta name=\"description\" content=\"F\u00fcr Sie entwickelt M\u00f6bel Irold handgefertigte, hochwertige Einzelst\u00fccke, die Ihre Anspr\u00fcche an Qualit\u00e4t, Gestaltung und traditionelle Handwerkskunst erf\u00fcllen.\" \/>\n<meta name=\"robots\" content=\"index, follow, max-snippet:-1, max-image-preview:large, max-video-preview:-1\" \/>\n<link rel=\"canonical\" href=\"https:\/\/moebel-irold.de\/commitment\/\" \/>\n<meta property=\"og:locale\" content=\"en_US\" \/>\n<meta property=\"og:type\" content=\"article\" \/>\n<meta property=\"og:title\" content=\"\u00dcberzeugung&#187; M\u00d6BEL IROLD\" \/>\n<meta property=\"og:description\" content=\"M\u00f6bel Irold entwickelt handgefertigte, hochwertige Einzelst\u00fccke, die hohe Anspr\u00fcche in Qualit\u00e4t, Gestaltung, und traditioneller Handwerkskunst erf\u00fcllen.\" \/>\n<meta property=\"og:url\" content=\"https:\/\/moebel-irold.de\/commitment\/\" \/>\n<meta property=\"og:site_name\" content=\"M\u00d6BEL IROLD\" \/>\n<meta property=\"article:modified_time\" content=\"2021-11-01T17:55:44+00:00\" \/>\n<meta property=\"og:image\" content=\"https:\/\/moebel-irold.de\/wp-content\/uploads\/2015\/04\/uber.jpg\" \/>\n<meta name=\"twitter:card\" content=\"summary_large_image\" \/>\n<meta name=\"twitter:title\" content=\"\u00dcberzeugung &#187; M\u00d6BEL IROLD\" \/>\n<meta name=\"twitter:description\" content=\"M\u00f6bel Irold entwickelt handgefertigte, hochwertige Einzelst\u00fccke, die hohe Anspr\u00fcche in Qualit\u00e4t, Gestaltung, und traditioneller Handwerkskunst erf\u00fcllen.\" \/>\n<meta name=\"twitter:label1\" content=\"Est. reading time\" \/>\n\t<meta name=\"twitter:data1\" content=\"1 minute\" \/>\n<script type=\"application\/ld+json\" class=\"yoast-schema-graph\">{\"@context\":\"https:\\\/\\\/schema.org\",\"@graph\":[{\"@type\":\"WebPage\",\"@id\":\"https:\\\/\\\/moebel-irold.de\\\/commitment\\\/\",\"url\":\"https:\\\/\\\/moebel-irold.de\\\/commitment\\\/\",\"name\":\"Commitment &#187; M\u00d6BEL IROLD\",\"isPartOf\":{\"@id\":\"https:\\\/\\\/moebel-irold.de\\\/en\\\/#website\"},\"datePublished\":\"2015-04-12T16:06:46+00:00\",\"dateModified\":\"2021-11-01T17:55:44+00:00\",\"description\":\"F\u00fcr Sie entwickelt M\u00f6bel Irold handgefertigte, hochwertige Einzelst\u00fccke, die Ihre Anspr\u00fcche an Qualit\u00e4t, Gestaltung und traditionelle Handwerkskunst erf\u00fcllen.\",\"breadcrumb\":{\"@id\":\"https:\\\/\\\/moebel-irold.de\\\/commitment\\\/#breadcrumb\"},\"inLanguage\":\"en-US\",\"potentialAction\":[{\"@type\":\"ReadAction\",\"target\":[\"https:\\\/\\\/moebel-irold.de\\\/commitment\\\/\"]}]},{\"@type\":\"BreadcrumbList\",\"@id\":\"https:\\\/\\\/moebel-irold.de\\\/commitment\\\/#breadcrumb\",\"itemListElement\":[{\"@type\":\"ListItem\",\"position\":1,\"name\":\"Home\",\"item\":\"https:\\\/\\\/moebel-irold.de\\\/en\\\/\"},{\"@type\":\"ListItem\",\"position\":2,\"name\":\"Commitment\"}]},{\"@type\":\"WebSite\",\"@id\":\"https:\\\/\\\/moebel-irold.de\\\/en\\\/#website\",\"url\":\"https:\\\/\\\/moebel-irold.de\\\/en\\\/\",\"name\":\"M\u00d6BEL IROLD\",\"description\":\"According to your design specifications or in mutual development,  individual pieces or in small series,  We will gladly produce for you: dreams, made of wood.\",\"publisher\":{\"@id\":\"https:\\\/\\\/moebel-irold.de\\\/en\\\/#organization\"},\"potentialAction\":[{\"@type\":\"SearchAction\",\"target\":{\"@type\":\"EntryPoint\",\"urlTemplate\":\"https:\\\/\\\/moebel-irold.de\\\/en\\\/?s={search_term_string}\"},\"query-input\":{\"@type\":\"PropertyValueSpecification\",\"valueRequired\":true,\"valueName\":\"search_term_string\"}}],\"inLanguage\":\"en-US\"},{\"@type\":\"Organization\",\"@id\":\"https:\\\/\\\/moebel-irold.de\\\/en\\\/#organization\",\"name\":\"M\u00d6BEL IROLD\",\"url\":\"https:\\\/\\\/moebel-irold.de\\\/en\\\/\",\"logo\":{\"@type\":\"ImageObject\",\"inLanguage\":\"en-US\",\"@id\":\"https:\\\/\\\/moebel-irold.de\\\/en\\\/#\\\/schema\\\/logo\\\/image\\\/\",\"url\":\"https:\\\/\\\/moebel-irold.de\\\/wp-content\\\/uploads\\\/2021\\\/10\\\/moebel-irold.de_.png\",\"contentUrl\":\"https:\\\/\\\/moebel-irold.de\\\/wp-content\\\/uploads\\\/2021\\\/10\\\/moebel-irold.de_.png\",\"width\":256,\"height\":256,\"caption\":\"M\u00d6BEL IROLD\"},\"image\":{\"@id\":\"https:\\\/\\\/moebel-irold.de\\\/en\\\/#\\\/schema\\\/logo\\\/image\\\/\"}}]}<\/script>\n<!-- \/ Yoast SEO Premium plugin. -->","yoast_head_json":{"title":"Commitment &#187; M\u00d6BEL IROLD","description":"F\u00fcr Sie entwickelt M\u00f6bel Irold handgefertigte, hochwertige Einzelst\u00fccke, die Ihre Anspr\u00fcche an Qualit\u00e4t, Gestaltung und traditionelle Handwerkskunst erf\u00fcllen.","robots":{"index":"index","follow":"follow","max-snippet":"max-snippet:-1","max-image-preview":"max-image-preview:large","max-video-preview":"max-video-preview:-1"},"canonical":"https:\/\/moebel-irold.de\/commitment\/","og_locale":"en_US","og_type":"article","og_title":"\u00dcberzeugung&#187; M\u00d6BEL IROLD","og_description":"M\u00f6bel Irold entwickelt handgefertigte, hochwertige Einzelst\u00fccke, die hohe Anspr\u00fcche in Qualit\u00e4t, Gestaltung, und traditioneller Handwerkskunst erf\u00fcllen.","og_url":"https:\/\/moebel-irold.de\/commitment\/","og_site_name":"M\u00d6BEL IROLD","article_modified_time":"2021-11-01T17:55:44+00:00","og_image":[{"url":"https:\/\/moebel-irold.de\/wp-content\/uploads\/2015\/04\/uber.jpg","type":"","width":"","height":""}],"twitter_card":"summary_large_image","twitter_title":"\u00dcberzeugung &#187; M\u00d6BEL IROLD","twitter_description":"M\u00f6bel Irold entwickelt handgefertigte, hochwertige Einzelst\u00fccke, die hohe Anspr\u00fcche in Qualit\u00e4t, Gestaltung, und traditioneller Handwerkskunst erf\u00fcllen.","twitter_misc":{"Est. reading time":"1 minute"},"schema":{"@context":"https:\/\/schema.org","@graph":[{"@type":"WebPage","@id":"https:\/\/moebel-irold.de\/commitment\/","url":"https:\/\/moebel-irold.de\/commitment\/","name":"Commitment &#187; M\u00d6BEL IROLD","isPartOf":{"@id":"https:\/\/moebel-irold.de\/en\/#website"},"datePublished":"2015-04-12T16:06:46+00:00","dateModified":"2021-11-01T17:55:44+00:00","description":"F\u00fcr Sie entwickelt M\u00f6bel Irold handgefertigte, hochwertige Einzelst\u00fccke, die Ihre Anspr\u00fcche an Qualit\u00e4t, Gestaltung und traditionelle Handwerkskunst erf\u00fcllen.","breadcrumb":{"@id":"https:\/\/moebel-irold.de\/commitment\/#breadcrumb"},"inLanguage":"en-US","potentialAction":[{"@type":"ReadAction","target":["https:\/\/moebel-irold.de\/commitment\/"]}]},{"@type":"BreadcrumbList","@id":"https:\/\/moebel-irold.de\/commitment\/#breadcrumb","itemListElement":[{"@type":"ListItem","position":1,"name":"Home","item":"https:\/\/moebel-irold.de\/en\/"},{"@type":"ListItem","position":2,"name":"Commitment"}]},{"@type":"WebSite","@id":"https:\/\/moebel-irold.de\/en\/#website","url":"https:\/\/moebel-irold.de\/en\/","name":"M\u00d6BEL IROLD","description":"According to your design specifications or in mutual development,  individual pieces or in small series,  We will gladly produce for you: dreams, made of wood.","publisher":{"@id":"https:\/\/moebel-irold.de\/en\/#organization"},"potentialAction":[{"@type":"SearchAction","target":{"@type":"EntryPoint","urlTemplate":"https:\/\/moebel-irold.de\/en\/?s={search_term_string}"},"query-input":{"@type":"PropertyValueSpecification","valueRequired":true,"valueName":"search_term_string"}}],"inLanguage":"en-US"},{"@type":"Organization","@id":"https:\/\/moebel-irold.de\/en\/#organization","name":"M\u00d6BEL IROLD","url":"https:\/\/moebel-irold.de\/en\/","logo":{"@type":"ImageObject","inLanguage":"en-US","@id":"https:\/\/moebel-irold.de\/en\/#\/schema\/logo\/image\/","url":"https:\/\/moebel-irold.de\/wp-content\/uploads\/2021\/10\/moebel-irold.de_.png","contentUrl":"https:\/\/moebel-irold.de\/wp-content\/uploads\/2021\/10\/moebel-irold.de_.png","width":256,"height":256,"caption":"M\u00d6BEL IROLD"},"image":{"@id":"https:\/\/moebel-irold.de\/en\/#\/schema\/logo\/image\/"}}]}},"_links":{"self":[{"href":"https:\/\/moebel-irold.de\/en\/wp-json\/wp\/v2\/pages\/21","targetHints":{"allow":["GET"]}}],"collection":[{"href":"https:\/\/moebel-irold.de\/en\/wp-json\/wp\/v2\/pages"}],"about":[{"href":"https:\/\/moebel-irold.de\/en\/wp-json\/wp\/v2\/types\/page"}],"author":[{"embeddable":true,"href":"https:\/\/moebel-irold.de\/en\/wp-json\/wp\/v2\/users\/2"}],"replies":[{"embeddable":true,"href":"https:\/\/moebel-irold.de\/en\/wp-json\/wp\/v2\/comments?post=21"}],"version-history":[{"count":7,"href":"https:\/\/moebel-irold.de\/en\/wp-json\/wp\/v2\/pages\/21\/revisions"}],"predecessor-version":[{"id":975,"href":"https:\/\/moebel-irold.de\/en\/wp-json\/wp\/v2\/pages\/21\/revisions\/975"}],"wp:attachment":[{"href":"https:\/\/moebel-irold.de\/en\/wp-json\/wp\/v2\/media?parent=21"}],"curies":[{"name":"wp","href":"https:\/\/api.w.org\/{rel}","templated":true}]}}